{"id":280,"date":"2022-12-04T23:39:05","date_gmt":"2022-12-05T05:39:05","guid":{"rendered":"https:\/\/umasantaana.edu.sv\/?page_id=280"},"modified":"2025-11-14T11:43:55","modified_gmt":"2025-11-14T17:43:55","slug":"280-2","status":"publish","type":"page","link":"https:\/\/umasantaana.edu.sv\/?page_id=280","title":{"rendered":"Escuela de Posgrado"},"content":{"rendered":"<p>[et_pb_section fb_built=\u00bb1&#8243; admin_label=\u00bbAbout\u00bb _builder_version=\u00bb4.16&#8243; global_colors_info=\u00bb{}\u00bb][et_pb_row _builder_version=\u00bb4.18.0&#8243; _module_preset=\u00bbdefault\u00bb global_colors_info=\u00bb{}\u00bb][et_pb_column type=\u00bb4_4&#8243; _builder_version=\u00bb4.18.0&#8243; _module_preset=\u00bbdefault\u00bb global_colors_info=\u00bb{}\u00bb][et_pb_text _builder_version=\u00bb4.18.0&#8243; _module_preset=\u00bbdefault\u00bb global_colors_info=\u00bb{}\u00bb]<\/p>\n<h1 style=\"text-align: center;\">Escuela de Posgrado<\/h1>\n<p>[\/et_pb_text][\/et_pb_column][\/et_pb_row][et_pb_row column_structure=\u00bb1_2,1_2&#8243; _builder_version=\u00bb4.18.0&#8243; _module_preset=\u00bbdefault\u00bb global_colors_info=\u00bb{}\u00bb][et_pb_column type=\u00bb1_2&#8243; _builder_version=\u00bb4.18.0&#8243; _module_preset=\u00bbdefault\u00bb global_colors_info=\u00bb{}\u00bb][et_pb_text _builder_version=\u00bb4.18.0&#8243; _module_preset=\u00bbdefault\u00bb global_colors_info=\u00bb{}\u00bb]<\/p>\n<p style=\"text-align: justify;\">Estimado profesional la Escuela de Posgrado de la Universidad Modular Abierta, regional Santa Ana le brinda la m\u00e1s cordial de las bienvenidas.<\/p>\n<p style=\"text-align: justify;\">Conscientes de nuestro compromiso con el cumplimiento de la visi\u00f3n y misi\u00f3n institucional, de brindar un servicio de calidad en la educaci\u00f3n, formando profesionales competentes, y comprometidos con los cambios fundamentales que la sociedad necesita; ofrecemos a la sociedad salvadore\u00f1a nuestros programas de posgrado.<\/p>\n<ul>\n<li>Maestr\u00eda en Docencia Universitaria.<\/li>\n<li>Maestr\u00eda en Derecho Procesal Civil y Mercantil.<\/li>\n<\/ul>\n<p style=\"text-align: justify;\">Nuestra planta docente est\u00e1 integrada por profesionales altamente calificados, tanto a nivel nacional como en el exterior; y nuestras aulas est\u00e1n debidamente equipadas, para brindar un ambiente adecuado para el desarrollo de las clases.<\/p>\n<p style=\"text-align: justify;\">Ser\u00e1 un honor contar con usted en esta Casa de Estudios.<\/p>\n<p>[\/et_pb_text][\/et_pb_column][et_pb_column type=\u00bb1_2&#8243; _builder_version=\u00bb4.18.0&#8243; _module_preset=\u00bbdefault\u00bb global_colors_info=\u00bb{}\u00bb][et_pb_image src=\u00bbhttps:\/\/umasantaana.edu.sv\/wp-content\/uploads\/2022\/09\/escuelaposgrado.jpg\u00bb title_text=\u00bbFemale college student\u00bb _builder_version=\u00bb4.18.0&#8243; _module_preset=\u00bbdefault\u00bb global_colors_info=\u00bb{}\u00bb][\/et_pb_image][\/et_pb_column][\/et_pb_row][et_pb_row _builder_version=\u00bb4.18.0&#8243; _module_preset=\u00bbdefault\u00bb column_structure=\u00bb1_2,1_2&#8243;][et_pb_column _builder_version=\u00bb4.18.0&#8243; _module_preset=\u00bbdefault\u00bb type=\u00bb1_2&#8243;][et_pb_image src=\u00bbhttps:\/\/umasantaana.edu.sv\/wp-content\/uploads\/2025\/11\/MAESTRIA-EN-DOCENCIA-UNIVERSITARIA.jpg\u00bb _builder_version=\u00bb4.18.0&#8243; _module_preset=\u00bbdefault\u00bb title_text=\u00bbMAESTR\u00cdA EN DOCENCIA UNIVERSITARIA\u00bb hover_enabled=\u00bb0&#8243; sticky_enabled=\u00bb0&#8243;][\/et_pb_image][\/et_pb_column][et_pb_column _builder_version=\u00bb4.18.0&#8243; _module_preset=\u00bbdefault\u00bb type=\u00bb1_2&#8243;][et_pb_image src=\u00bbhttps:\/\/umasantaana.edu.sv\/wp-content\/uploads\/2025\/11\/MAESTRIA-EN-DERECHO-PROCESAL-CIVIL-Y-MERCANTIL.jpg\u00bb _builder_version=\u00bb4.18.0&#8243; _module_preset=\u00bbdefault\u00bb title_text=\u00bbMAESTR\u00cdA EN DERECHO PROCESAL CIVIL Y MERCANTIL\u00bb hover_enabled=\u00bb0&#8243; sticky_enabled=\u00bb0&#8243;][\/et_pb_image][\/et_pb_column][\/et_pb_row][et_pb_row _builder_version=\u00bb4.18.0&#8243; _module_preset=\u00bbdefault\u00bb column_structure=\u00bb1_2,1_2&#8243;][et_pb_column _builder_version=\u00bb4.18.0&#8243; _module_preset=\u00bbdefault\u00bb type=\u00bb1_2&#8243;][et_pb_image src=\u00bbhttps:\/\/umasantaana.edu.sv\/wp-content\/uploads\/2025\/11\/pensum-docencia.png\u00bb _builder_version=\u00bb4.18.0&#8243; _module_preset=\u00bbdefault\u00bb title_text=\u00bbpensum docencia\u00bb hover_enabled=\u00bb0&#8243; sticky_enabled=\u00bb0&#8243;][\/et_pb_image][\/et_pb_column][et_pb_column _builder_version=\u00bb4.18.0&#8243; _module_preset=\u00bbdefault\u00bb type=\u00bb1_2&#8243;][et_pb_image src=\u00bbhttps:\/\/umasantaana.edu.sv\/wp-content\/uploads\/2025\/11\/pensum-procesal.png\u00bb _builder_version=\u00bb4.18.0&#8243; _module_preset=\u00bbdefault\u00bb title_text=\u00bbpensum procesal\u00bb hover_enabled=\u00bb0&#8243; sticky_enabled=\u00bb0&#8243;][\/et_pb_image][\/et_pb_column][\/et_pb_row][et_pb_row _builder_version=\u00bb4.18.0&#8243; _module_preset=\u00bbdefault\u00bb global_colors_info=\u00bb{}\u00bb][et_pb_column type=\u00bb4_4&#8243; _builder_version=\u00bb4.18.0&#8243; _module_preset=\u00bbdefault\u00bb global_colors_info=\u00bb{}\u00bb][\/et_pb_column][\/et_pb_row][\/et_pb_section]<\/p>\n","protected":false},"excerpt":{"rendered":"<p>Escuela de PosgradoEstimado profesional la Escuela de Posgrado de la Universidad Modular Abierta, regional Santa Ana le brinda la m\u00e1s cordial de las bienvenidas. Conscientes de nuestro compromiso con el cumplimiento de la visi\u00f3n y misi\u00f3n institucional, de brindar un servicio de calidad en la educaci\u00f3n, formando profesionales competentes, y comprometidos con los cambios fundamentales [&hellip;]<\/p>\n","protected":false},"author":1,"featured_media":0,"parent":0,"menu_order":0,"comment_status":"closed","ping_status":"closed","template":"","meta":{"_et_pb_use_builder":"on","_et_pb_old_content":"","_et_gb_content_width":"","footnotes":""},"class_list":["post-280","page","type-page","status-publish","hentry"],"_links":{"self":[{"href":"https:\/\/umasantaana.edu.sv\/index.php?rest_route=\/wp\/v2\/pages\/280","targetHints":{"allow":["GET"]}}],"collection":[{"href":"https:\/\/umasantaana.edu.sv\/index.php?rest_route=\/wp\/v2\/pages"}],"about":[{"href":"https:\/\/umasantaana.edu.sv\/index.php?rest_route=\/wp\/v2\/types\/page"}],"author":[{"embeddable":true,"href":"https:\/\/umasantaana.edu.sv\/index.php?rest_route=\/wp\/v2\/users\/1"}],"replies":[{"embeddable":true,"href":"https:\/\/umasantaana.edu.sv\/index.php?rest_route=%2Fwp%2Fv2%2Fcomments&post=280"}],"version-history":[{"count":5,"href":"https:\/\/umasantaana.edu.sv\/index.php?rest_route=\/wp\/v2\/pages\/280\/revisions"}],"predecessor-version":[{"id":3019,"href":"https:\/\/umasantaana.edu.sv\/index.php?rest_route=\/wp\/v2\/pages\/280\/revisions\/3019"}],"wp:attachment":[{"href":"https:\/\/umasantaana.edu.sv\/index.php?rest_route=%2Fwp%2Fv2%2Fmedia&parent=280"}],"curies":[{"name":"wp","href":"https:\/\/api.w.org\/{rel}","templated":true}]}}