{"id":272,"date":"2022-12-04T23:18:18","date_gmt":"2022-12-05T05:18:18","guid":{"rendered":"https:\/\/umasantaana.edu.sv\/?page_id=272"},"modified":"2022-12-04T23:19:55","modified_gmt":"2022-12-05T05:19:55","slug":"272-2","status":"publish","type":"page","link":"https:\/\/umasantaana.edu.sv\/?page_id=272","title":{"rendered":"Facultad de Jurisprudencia y Ciencias Sociales"},"content":{"rendered":"<p>[et_pb_section fb_built=\u00bb1&#8243; admin_label=\u00bbAbout\u00bb _builder_version=\u00bb4.16&#8243; global_colors_info=\u00bb{}\u00bb theme_builder_area=\u00bbpost_content\u00bb][et_pb_row _builder_version=\u00bb4.18.0&#8243; _module_preset=\u00bbdefault\u00bb global_colors_info=\u00bb{}\u00bb theme_builder_area=\u00bbpost_content\u00bb][et_pb_column type=\u00bb4_4&#8243; _builder_version=\u00bb4.18.0&#8243; _module_preset=\u00bbdefault\u00bb global_colors_info=\u00bb{}\u00bb theme_builder_area=\u00bbpost_content\u00bb][et_pb_text _builder_version=\u00bb4.18.0&#8243; _module_preset=\u00bbdefault\u00bb hover_enabled=\u00bb0&#8243; global_colors_info=\u00bb{}\u00bb theme_builder_area=\u00bbpost_content\u00bb sticky_enabled=\u00bb0&#8243;]<\/p>\n<h1 style=\"text-align: center;\">Facultad de Jurisprudencia y Ciencias Sociales<\/h1>\n<p>[\/et_pb_text][\/et_pb_column][\/et_pb_row][et_pb_row column_structure=\u00bb1_2,1_2&#8243; _builder_version=\u00bb4.18.0&#8243; _module_preset=\u00bbdefault\u00bb global_colors_info=\u00bb{}\u00bb theme_builder_area=\u00bbpost_content\u00bb][et_pb_column type=\u00bb1_2&#8243; _builder_version=\u00bb4.18.0&#8243; _module_preset=\u00bbdefault\u00bb global_colors_info=\u00bb{}\u00bb theme_builder_area=\u00bbpost_content\u00bb][et_pb_text _builder_version=\u00bb4.18.0&#8243; _module_preset=\u00bbdefault\u00bb hover_enabled=\u00bb0&#8243; global_colors_info=\u00bb{}\u00bb theme_builder_area=\u00bbpost_content\u00bb sticky_enabled=\u00bb0&#8243;]<\/p>\n<p style=\"text-align: justify;\">La Facultad de Jurisprudencia y Ciencias Sociales, ofrece la Licenciatura en Ciencias Jur\u00eddicas en la Sede Central y en los 3 Centros Universitarios: Santa Ana, Sonsonate y San Miguel; durante m\u00e1s de 30 a\u00f1os hemos formado profesionales competentes y comprometidos con los valores que identifican a esta Casa de Estudios. Nuestros docentes cuentan con amplia experiencia en el \u00e1rea en que se desempe\u00f1an, quienes combinan sus experiencias profesionales con la teor\u00eda, lo cual les permite poder utilizar en el aula estrategias de aprendizaje ente ellas el \u00abM\u00e9todo de casos\u00bb, el cual es una herramienta pedag\u00f3gica para facilitar la aplicaci\u00f3n de conocimientos te\u00f3ricos a un contexto practico.<\/p>\n<p style=\"text-align: justify;\">Adem\u00e1s, incentivamos a nuestros estudiantes a poner en pr\u00e1ctica sus conocimiento y capacidades en competencias y concursos que diferentes instituciones del Estado organizan, lo cual nos ha permitido por varios a\u00f1os, ser los ganadores del Concurso Interuniversitario de Juicios Orales, organizado por el Consejo Nacional de la Judicatura (CNJ), lo cual nos llena de mucho orgullo; adem\u00e1s, participan en Concursos y competencias que la Asamblea Legislativa y la Superintendencia de Competencia han organizado, entre otras instituciones. Por lo que les invito a que estudien en esta Universidad y de esa manera puedan ser profesionales exitosos del Derecho.<\/p>\n<p style=\"text-align: justify;\">\u00abNuestra recompensa se encuentra en el esfuerzo y no en el resultado, un esfuerzo total, es una victoria completa\u00bb. (Mahatma Gandhi)<\/p>\n<p>[\/et_pb_text][\/et_pb_column][et_pb_column type=\u00bb1_2&#8243; _builder_version=\u00bb4.18.0&#8243; _module_preset=\u00bbdefault\u00bb global_colors_info=\u00bb{}\u00bb theme_builder_area=\u00bbpost_content\u00bb][et_pb_image src=\u00bbhttps:\/\/umasantaana.edu.sv\/wp-content\/uploads\/2022\/09\/facultad-jcs.jpg\u00bb _builder_version=\u00bb4.18.0&#8243; _module_preset=\u00bbdefault\u00bb theme_builder_area=\u00bbpost_content\u00bb title_text=\u00bbFemale college student\u00bb hover_enabled=\u00bb0&#8243; sticky_enabled=\u00bb0&#8243;][\/et_pb_image][\/et_pb_column][\/et_pb_row][et_pb_row _builder_version=\u00bb4.18.0&#8243; _module_preset=\u00bbdefault\u00bb global_colors_info=\u00bb{}\u00bb theme_builder_area=\u00bbpost_content\u00bb][et_pb_column type=\u00bb4_4&#8243; _builder_version=\u00bb4.18.0&#8243; _module_preset=\u00bbdefault\u00bb global_colors_info=\u00bb{}\u00bb theme_builder_area=\u00bbpost_content\u00bb][\/et_pb_column][\/et_pb_row][\/et_pb_section]<\/p>\n","protected":false},"excerpt":{"rendered":"<p>Facultad de Jurisprudencia y Ciencias SocialesLa Facultad de Jurisprudencia y Ciencias Sociales, ofrece la Licenciatura en Ciencias Jur\u00eddicas en la Sede Central y en los 3 Centros Universitarios: Santa Ana, Sonsonate y San Miguel; durante m\u00e1s de 30 a\u00f1os hemos formado profesionales competentes y comprometidos con los valores que identifican a esta Casa de Estudios. [&hellip;]<\/p>\n","protected":false},"author":1,"featured_media":0,"parent":0,"menu_order":0,"comment_status":"closed","ping_status":"closed","template":"","meta":{"_et_pb_use_builder":"on","_et_pb_old_content":"","_et_gb_content_width":"","footnotes":""},"class_list":["post-272","page","type-page","status-publish","hentry"],"_links":{"self":[{"href":"https:\/\/umasantaana.edu.sv\/index.php?rest_route=\/wp\/v2\/pages\/272","targetHints":{"allow":["GET"]}}],"collection":[{"href":"https:\/\/umasantaana.edu.sv\/index.php?rest_route=\/wp\/v2\/pages"}],"about":[{"href":"https:\/\/umasantaana.edu.sv\/index.php?rest_route=\/wp\/v2\/types\/page"}],"author":[{"embeddable":true,"href":"https:\/\/umasantaana.edu.sv\/index.php?rest_route=\/wp\/v2\/users\/1"}],"replies":[{"embeddable":true,"href":"https:\/\/umasantaana.edu.sv\/index.php?rest_route=%2Fwp%2Fv2%2Fcomments&post=272"}],"version-history":[{"count":3,"href":"https:\/\/umasantaana.edu.sv\/index.php?rest_route=\/wp\/v2\/pages\/272\/revisions"}],"predecessor-version":[{"id":277,"href":"https:\/\/umasantaana.edu.sv\/index.php?rest_route=\/wp\/v2\/pages\/272\/revisions\/277"}],"wp:attachment":[{"href":"https:\/\/umasantaana.edu.sv\/index.php?rest_route=%2Fwp%2Fv2%2Fmedia&parent=272"}],"curies":[{"name":"wp","href":"https:\/\/api.w.org\/{rel}","templated":true}]}}