{"id":269,"date":"2022-12-04T23:16:19","date_gmt":"2022-12-05T05:16:19","guid":{"rendered":"https:\/\/umasantaana.edu.sv\/?page_id=269"},"modified":"2024-06-12T10:44:52","modified_gmt":"2024-06-12T16:44:52","slug":"269-2","status":"publish","type":"page","link":"https:\/\/umasantaana.edu.sv\/?page_id=269","title":{"rendered":"Facultad de Ciencias y Humanidades"},"content":{"rendered":"\n[et_pb_section fb_built=\u00bb1&#8243; admin_label=\u00bbAbout\u00bb _builder_version=\u00bb4.16&#8243; global_colors_info=\u00bb{}\u00bb][et_pb_row _builder_version=\u00bb4.18.0&#8243; _module_preset=\u00bbdefault\u00bb global_colors_info=\u00bb{}\u00bb][et_pb_column type=\u00bb4_4&#8243; _builder_version=\u00bb4.18.0&#8243; _module_preset=\u00bbdefault\u00bb global_colors_info=\u00bb{}\u00bb][et_pb_text _builder_version=\u00bb4.18.0&#8243; _module_preset=\u00bbdefault\u00bb hover_enabled=\u00bb0&#8243; global_colors_info=\u00bb{}\u00bb sticky_enabled=\u00bb0&#8243;]<h1 style=\"text-align: center;\">Facultad de Ciencias y Humanidades<\/h1>[\/et_pb_text][\/et_pb_column][\/et_pb_row][et_pb_row column_structure=\u00bb1_2,1_2&#8243; _builder_version=\u00bb4.18.0&#8243; _module_preset=\u00bbdefault\u00bb global_colors_info=\u00bb{}\u00bb][et_pb_column type=\u00bb1_2&#8243; _builder_version=\u00bb4.18.0&#8243; _module_preset=\u00bbdefault\u00bb global_colors_info=\u00bb{}\u00bb][et_pb_text _builder_version=\u00bb4.18.0&#8243; _module_preset=\u00bbdefault\u00bb global_colors_info=\u00bb{}\u00bb]<p style=\"text-align: justify;\">La Facultad de Ciencias y Humanidades le saluda, agradecemos su visita, permiti\u00e9ndonos compartir con ustedes nuestro compromiso en el cumplimiento de la visi\u00f3n y misi\u00f3n institucionales, que nos gu\u00edan hacia el servicio de calidad en la educaci\u00f3n y nos permite formar profesionales competentes, comprometidos con los cambios fundamentales que la sociedad necesita, por medio de las carreras:<\/p>\n<ul>\n<li>Licenciatura en Psicolog\u00eda.<\/li>\n<li>Licenciatura en Ciencias de la Educaci\u00f3n con especialidad en Lenguaje y Literatura.<\/li>\n<li>Licenciatura en Ciencias de la Educaci\u00f3n con especialidad en Idioma Ingl\u00e9s.<\/li>\n<\/ul>\n<p style=\"text-align: justify;\">Es ese compromiso el que anima el que hacer cotidiano de todo el recurso humano que forma parte de esta facultad que, consciente de su responsabilidad, se empe\u00f1a en alcanzar la excelencia y aportar su experiencia y conocimiento a la formaci\u00f3n de profesionales competentes que con sus saberes, habilidades y actitudes sean capaces de enfrentar los desaf\u00edos sociales y tecnol\u00f3gicos de una sociedad a la que servir\u00e1n en un futuro cercano, en un siglo todav\u00eda joven, pero que sigue y evoluciona aceleradamente.<\/p>[\/et_pb_text][\/et_pb_column][et_pb_column type=\u00bb1_2&#8243; _builder_version=\u00bb4.18.0&#8243; _module_preset=\u00bbdefault\u00bb global_colors_info=\u00bb{}\u00bb][et_pb_image src=\u00bbhttps:\/\/umasantaana.edu.sv\/wp-content\/uploads\/2022\/09\/facultad-ch.jpg\u00bb title_text=\u00bbFemale college student\u00bb _builder_version=\u00bb4.18.0&#8243; _module_preset=\u00bbdefault\u00bb global_colors_info=\u00bb{}\u00bb][\/et_pb_image][\/et_pb_column][\/et_pb_row][et_pb_row _builder_version=\u00bb4.18.0&#8243; _module_preset=\u00bbdefault\u00bb global_colors_info=\u00bb{}\u00bb][et_pb_column type=\u00bb4_4&#8243; _builder_version=\u00bb4.18.0&#8243; _module_preset=\u00bbdefault\u00bb global_colors_info=\u00bb{}\u00bb][\/et_pb_column][\/et_pb_row][\/et_pb_section]\n","protected":false},"excerpt":{"rendered":"<p>Facultad de Ciencias y HumanidadesLa Facultad de Ciencias y Humanidades le saluda, agradecemos su visita, permiti\u00e9ndonos compartir con ustedes nuestro compromiso en el cumplimiento de la visi\u00f3n y misi\u00f3n institucionales, que nos gu\u00edan hacia el servicio de calidad en la educaci\u00f3n y nos permite formar profesionales competentes, comprometidos con los cambios fundamentales que la sociedad [&hellip;]<\/p>\n","protected":false},"author":1,"featured_media":0,"parent":0,"menu_order":0,"comment_status":"closed","ping_status":"closed","template":"","meta":{"_et_pb_use_builder":"on","_et_pb_old_content":"","_et_gb_content_width":"","footnotes":""},"class_list":["post-269","page","type-page","status-publish","hentry"],"_links":{"self":[{"href":"https:\/\/umasantaana.edu.sv\/index.php?rest_route=\/wp\/v2\/pages\/269","targetHints":{"allow":["GET"]}}],"collection":[{"href":"https:\/\/umasantaana.edu.sv\/index.php?rest_route=\/wp\/v2\/pages"}],"about":[{"href":"https:\/\/umasantaana.edu.sv\/index.php?rest_route=\/wp\/v2\/types\/page"}],"author":[{"embeddable":true,"href":"https:\/\/umasantaana.edu.sv\/index.php?rest_route=\/wp\/v2\/users\/1"}],"replies":[{"embeddable":true,"href":"https:\/\/umasantaana.edu.sv\/index.php?rest_route=%2Fwp%2Fv2%2Fcomments&post=269"}],"version-history":[{"count":7,"href":"https:\/\/umasantaana.edu.sv\/index.php?rest_route=\/wp\/v2\/pages\/269\/revisions"}],"predecessor-version":[{"id":1312,"href":"https:\/\/umasantaana.edu.sv\/index.php?rest_route=\/wp\/v2\/pages\/269\/revisions\/1312"}],"wp:attachment":[{"href":"https:\/\/umasantaana.edu.sv\/index.php?rest_route=%2Fwp%2Fv2%2Fmedia&parent=269"}],"curies":[{"name":"wp","href":"https:\/\/api.w.org\/{rel}","templated":true}]}}