{"id":222,"date":"2022-09-26T01:23:47","date_gmt":"2022-09-26T07:23:47","guid":{"rendered":"https:\/\/umasantaana.edu.sv\/?page_id=222"},"modified":"2022-09-26T01:24:03","modified_gmt":"2022-09-26T07:24:03","slug":"bibliotecas-virtuales","status":"publish","type":"page","link":"https:\/\/umasantaana.edu.sv\/?page_id=222","title":{"rendered":"Bibliotecas Virtuales"},"content":{"rendered":"<p>[et_pb_section fb_built=\u00bb1&#8243; admin_label=\u00bbAbout\u00bb _builder_version=\u00bb4.16&#8243; global_colors_info=\u00bb{}\u00bb theme_builder_area=\u00bbpost_content\u00bb][et_pb_row _builder_version=\u00bb4.18.0&#8243; _module_preset=\u00bbdefault\u00bb global_colors_info=\u00bb{}\u00bb theme_builder_area=\u00bbpost_content\u00bb][et_pb_column type=\u00bb4_4&#8243; _builder_version=\u00bb4.18.0&#8243; _module_preset=\u00bbdefault\u00bb global_colors_info=\u00bb{}\u00bb theme_builder_area=\u00bbpost_content\u00bb][et_pb_text _builder_version=\u00bb4.18.0&#8243; _module_preset=\u00bbdefault\u00bb hover_enabled=\u00bb0&#8243; global_colors_info=\u00bb{}\u00bb theme_builder_area=\u00bbpost_content\u00bb sticky_enabled=\u00bb0&#8243;]<\/p>\n<h2 style=\"text-align: center;\"><strong>Bibliotecas Digitales<\/strong><\/h2>\n<p>[\/et_pb_text][\/et_pb_column][\/et_pb_row][et_pb_row column_structure=\u00bb1_3,1_3,1_3&#8243; _builder_version=\u00bb4.18.0&#8243; _module_preset=\u00bbdefault\u00bb hover_enabled=\u00bb0&#8243; global_colors_info=\u00bb{}\u00bb theme_builder_area=\u00bbpost_content\u00bb sticky_enabled=\u00bb0&#8243;][et_pb_column type=\u00bb1_3&#8243; _builder_version=\u00bb4.18.0&#8243; _module_preset=\u00bbdefault\u00bb global_colors_info=\u00bb{}\u00bb theme_builder_area=\u00bbpost_content\u00bb][et_pb_blurb title=\u00bbBase de Datos EBSCO HOST\u00bb image=\u00bbhttps:\/\/umasantaana.edu.sv\/wp-content\/uploads\/2022\/09\/biblioteca1.jpg\u00bb _builder_version=\u00bb4.18.0&#8243; _module_preset=\u00bbdefault\u00bb theme_builder_area=\u00bbpost_content\u00bb title_text=\u00bbbiblioteca1&#8243; hover_enabled=\u00bb0&#8243; sticky_enabled=\u00bb0&#8243;]<\/p>\n<p>Es una base de datos de informaci\u00f3n cient\u00edfica sobre medicina, f\u00edsica, qu\u00edmica, econom\u00eda, educaci\u00f3n y otros campos. Es propiedad de la compa\u00f1\u00eda EBSCO Publishing que, a su vez, es una subsidiaria de EBSCO Industries.<\/p>\n<p>Su sistema de b\u00fasqueda de informaci\u00f3n cient\u00edfica est\u00e1 basado en una aplicaci\u00f3n inform\u00e1tica accesible v\u00eda Web, que suministra el texto completo y\/o res\u00famenes de art\u00edculos de revistas cient\u00edficas, libros de referencia y otros tipos de publicaciones de un variado conjunto de disciplinas, actualizados peri\u00f3dicamente.<\/p>\n<p>Esta aplicaci\u00f3n presenta una interfaz en l\u00ednea por la que es posible acceder a otras bases de datos p\u00fablicas y privadas en facultades, universidades, bibliotecas, escuelas, instituciones m\u00e9dicas, organismos del gobierno y corporaciones.<\/p>\n<p>&nbsp;<\/p>\n<h5 class=\"mb-3\">\u00bfCom\u00f3 acceder al recurso?<\/h5>\n<p><a href=\"https:\/\/sites.google.com\/uma.edu.sv\/centro-ayuda-uma\/inicio\/estudiantes\/ebsco-host\" target=\"_blank\" rel=\"noopener\">Video Tutorial<\/a><span><\/span><\/p>\n<p>&nbsp;<\/p>\n<h5 class=\"mb-3\">Credenciales de Acceso<\/h5>\n<p>&nbsp;<\/p>\n<table class=\"table table-fixed table-striped\">\n<thead>\n<tr>\n<th>Usuario<\/th>\n<th>Contrase\u00f1a<\/th>\n<\/tr>\n<\/thead>\n<tbody>\n<tr>\n<td>uma<\/td>\n<td>modular21*<\/td>\n<\/tr>\n<\/tbody>\n<\/table>\n<p>[\/et_pb_blurb][\/et_pb_column][et_pb_column type=\u00bb1_3&#8243; _builder_version=\u00bb4.18.0&#8243; _module_preset=\u00bbdefault\u00bb global_colors_info=\u00bb{}\u00bb theme_builder_area=\u00bbpost_content\u00bb][et_pb_blurb title=\u00bbBiblioteca Digital E-LIBRO\u00bb image=\u00bbhttps:\/\/umasantaana.edu.sv\/wp-content\/uploads\/2022\/09\/biblioteca2.jpg\u00bb _builder_version=\u00bb4.18.0&#8243; _module_preset=\u00bbdefault\u00bb theme_builder_area=\u00bbpost_content\u00bb title_text=\u00bbbiblioteca2&#8243; url=\u00bbhttps:\/\/elibro.net\/es\/lc\/umasv\/inicio\/\u00bb url_new_window=\u00bbon\u00bb link_option_url=\u00bbhttps:\/\/elibro.net\/es\/lc\/umasv\/inicio\/\u00bb link_option_url_new_window=\u00bbon\u00bb hover_enabled=\u00bb0&#8243; sticky_enabled=\u00bb0&#8243;]<\/p>\n<p>Un agregador de textos digitales en espa\u00f1ol, ingl\u00e9s y portugu\u00e9s, que le facilita la obtenci\u00f3n de recursos a centros educativos, instituciones de educaci\u00f3n superior, bibliotecas, empresas privadas y personas particulares.<\/p>\n<p>A trav\u00e9s de una innovadora plataforma digital, los usuarios acceden a un amplio cat\u00e1logo de libros, revistas, obras de investigaci\u00f3n y tesis doctorales provenientes de las editoriales comerciales y universitarias m\u00e1s destacadas del mundo.<\/p>\n<p>La empresa posee un gran compromiso con las editoriales, los autores, los estudiantes y sobre todo con la educaci\u00f3n.<\/p>\n<h5 class=\"mb-3\">\u00bfCom\u00f3 acceder al recurso?<\/h5>\n<p>&nbsp;<\/p>\n<table class=\"table table-fixed table-striped\">\n<tbody>\n<tr>\n<td>Paso 1<\/td>\n<td>Ingrese a al Portal del (Estudiante o Docente)<\/td>\n<\/tr>\n<tr>\n<td>Paso 2<\/td>\n<td>Busque la opci\u00f3n \u00abRecursos Bibliogr\u00e1ficos\u00bb<\/td>\n<\/tr>\n<tr>\n<td>Paso 3<\/td>\n<td>Seleccione la opci\u00f3n \u00abeLibro.net\u00bb<\/td>\n<\/tr>\n<\/tbody>\n<\/table>\n<p>[\/et_pb_blurb][\/et_pb_column][et_pb_column _builder_version=\u00bb4.18.0&#8243; _module_preset=\u00bbdefault\u00bb type=\u00bb1_3&#8243; theme_builder_area=\u00bbpost_content\u00bb hover_enabled=\u00bb0&#8243; sticky_enabled=\u00bb0&#8243;][et_pb_blurb title=\u00bbBiblioteca Digital ALFAOMEGA\u00bb image=\u00bbhttps:\/\/umasantaana.edu.sv\/wp-content\/uploads\/2022\/09\/biblioteca3.jpg\u00bb _builder_version=\u00bb4.18.0&#8243; _module_preset=\u00bbdefault\u00bb theme_builder_area=\u00bbpost_content\u00bb title_text=\u00bbbiblioteca3&#8243; url=\u00bbhttps:\/\/cbues.bibliotecasdigitales.com\/home?category=3&#8243; url_new_window=\u00bbon\u00bb link_option_url=\u00bbhttps:\/\/cbues.bibliotecasdigitales.com\/home?category=3&#8243; link_option_url_new_window=\u00bbon\u00bb hover_enabled=\u00bb0&#8243; sticky_enabled=\u00bb0&#8243;]<\/p>\n<p>Una plataforma en l\u00ednea que facilita el acceso a libros especializados completamente en espa\u00f1ol; cuenta con un amplio cat\u00e1logo enfocado en diversas \u00e1reas de estudio con el objetivo de acercar el conocimiento de forma r\u00e1pida y eficaz a todos sus usuarios.<\/p>\n<p>Servicios Digitales Especializados en distribuci\u00f3n de contenido para bibliotecas e instituciones.<\/p>\n<p>&nbsp;<\/p>\n<h5 class=\"mb-3\">\u00bfCom\u00f3 acceder al recurso?<\/h5>\n<p>&nbsp;<\/p>\n<table class=\"table table-fixed table-striped\">\n<tbody>\n<tr>\n<td>Paso 1<\/td>\n<td>Ingrese a al Portal del (Estudiante o Docente)<\/td>\n<\/tr>\n<tr>\n<td>Paso 2<\/td>\n<td>Busque la opci\u00f3n \u00abRecursos Bibliogr\u00e1ficos\u00bb<\/td>\n<\/tr>\n<tr>\n<td>Paso 3<\/td>\n<td>Seleccione la opci\u00f3n \u00abAlfaomega\u00bb<\/td>\n<\/tr>\n<\/tbody>\n<\/table>\n<p>[\/et_pb_blurb][\/et_pb_column][\/et_pb_row][\/et_pb_section]<\/p>\n","protected":false},"excerpt":{"rendered":"<p>Bibliotecas DigitalesEs una base de datos de informaci\u00f3n cient\u00edfica sobre medicina, f\u00edsica, qu\u00edmica, econom\u00eda, educaci\u00f3n y otros campos. Es propiedad de la compa\u00f1\u00eda EBSCO Publishing que, a su vez, es una subsidiaria de EBSCO Industries. Su sistema de b\u00fasqueda de informaci\u00f3n cient\u00edfica est\u00e1 basado en una aplicaci\u00f3n inform\u00e1tica accesible v\u00eda Web, que suministra el texto [&hellip;]<\/p>\n","protected":false},"author":1,"featured_media":0,"parent":0,"menu_order":0,"comment_status":"closed","ping_status":"closed","template":"","meta":{"_et_pb_use_builder":"on","_et_pb_old_content":"","_et_gb_content_width":"","footnotes":""},"class_list":["post-222","page","type-page","status-publish","hentry"],"_links":{"self":[{"href":"https:\/\/umasantaana.edu.sv\/index.php?rest_route=\/wp\/v2\/pages\/222","targetHints":{"allow":["GET"]}}],"collection":[{"href":"https:\/\/umasantaana.edu.sv\/index.php?rest_route=\/wp\/v2\/pages"}],"about":[{"href":"https:\/\/umasantaana.edu.sv\/index.php?rest_route=\/wp\/v2\/types\/page"}],"author":[{"embeddable":true,"href":"https:\/\/umasantaana.edu.sv\/index.php?rest_route=\/wp\/v2\/users\/1"}],"replies":[{"embeddable":true,"href":"https:\/\/umasantaana.edu.sv\/index.php?rest_route=%2Fwp%2Fv2%2Fcomments&post=222"}],"version-history":[{"count":2,"href":"https:\/\/umasantaana.edu.sv\/index.php?rest_route=\/wp\/v2\/pages\/222\/revisions"}],"predecessor-version":[{"id":228,"href":"https:\/\/umasantaana.edu.sv\/index.php?rest_route=\/wp\/v2\/pages\/222\/revisions\/228"}],"wp:attachment":[{"href":"https:\/\/umasantaana.edu.sv\/index.php?rest_route=%2Fwp%2Fv2%2Fmedia&parent=222"}],"curies":[{"name":"wp","href":"https:\/\/api.w.org\/{rel}","templated":true}]}}