{"id":205,"date":"2022-09-26T00:45:13","date_gmt":"2022-09-26T06:45:13","guid":{"rendered":"https:\/\/umasantaana.edu.sv\/?page_id=205"},"modified":"2024-10-03T09:26:08","modified_gmt":"2024-10-03T15:26:08","slug":"consejo-docente","status":"publish","type":"page","link":"https:\/\/umasantaana.edu.sv\/?page_id=205","title":{"rendered":"Consejo Docente"},"content":{"rendered":"<p>[et_pb_section fb_built=\u00bb1&#8243; admin_label=\u00bbAbout\u00bb _builder_version=\u00bb4.16&#8243; global_colors_info=\u00bb{}\u00bb][et_pb_row _builder_version=\u00bb4.18.0&#8243; _module_preset=\u00bbdefault\u00bb global_colors_info=\u00bb{}\u00bb][et_pb_column type=\u00bb4_4&#8243; _builder_version=\u00bb4.18.0&#8243; _module_preset=\u00bbdefault\u00bb global_colors_info=\u00bb{}\u00bb][et_pb_text _builder_version=\u00bb4.18.0&#8243; _module_preset=\u00bbdefault\u00bb global_colors_info=\u00bb{}\u00bb]<\/p>\n<h2 style=\"text-align: center;\"><strong>Consejo Docente<\/strong><\/h2>\n<p>[\/et_pb_text][\/et_pb_column][\/et_pb_row][et_pb_row _builder_version=\u00bb4.18.0&#8243; _module_preset=\u00bbdefault\u00bb global_colors_info=\u00bb{}\u00bb][et_pb_column type=\u00bb4_4&#8243; _builder_version=\u00bb4.18.0&#8243; _module_preset=\u00bbdefault\u00bb global_colors_info=\u00bb{}\u00bb][et_pb_image src=\u00bbhttps:\/\/umasantaana.edu.sv\/wp-content\/uploads\/2024\/10\/CONSEJO-DOCENTE-2024-No29.jpg\u00bb title_text=\u00bbCONSEJO DOCENTE 2024 No29&#8243; align=\u00bbcenter\u00bb _builder_version=\u00bb4.18.0&#8243; _module_preset=\u00bbdefault\u00bb min_height=\u00bb1200px\u00bb hover_enabled=\u00bb0&#8243; global_colors_info=\u00bb{}\u00bb force_fullwidth=\u00bbon\u00bb sticky_enabled=\u00bb0&#8243;][\/et_pb_image][\/et_pb_column][\/et_pb_row][et_pb_row _builder_version=\u00bb4.18.0&#8243; _module_preset=\u00bbdefault\u00bb global_colors_info=\u00bb{}\u00bb][et_pb_column type=\u00bb4_4&#8243; _builder_version=\u00bb4.18.0&#8243; _module_preset=\u00bbdefault\u00bb global_colors_info=\u00bb{}\u00bb][et_pb_text _builder_version=\u00bb4.18.0&#8243; _module_preset=\u00bbdefault\u00bb global_colors_info=\u00bb{}\u00bb]<\/p>\n<h1 style=\"text-align: center;\"><strong>CONSEJO DOCENTE 2024<\/strong><\/h1>\n<h3 style=\"text-align: justify;\">Sentadas de izquierda a derecha: Maestra Sandra Evelyn Vividor de Escobar, Maestra Sonia Beatriz Hern\u00e1ndez de Mor\u00e1n, Dra. Claribel del Carmen Calder\u00f3n, Maestra Gloria Elizabeth Barrientos de Calder\u00f3n, Maestra A\u00edda Ang\u00e9lica Ram\u00edrez de Ortiz.<\/h3>\n<h3 style=\"text-align: justify;\">De pie de izquierda a derecha: Maestro Jos\u00e9 Plutarco Mej\u00eda Valiente, Maestra Marlene Vega de Amaya, Maestro Mauricio Antonio Escalante Quintanilla, Maestro Carlos Enrique Avelino Rivera, Maestro Ra\u00fal Antonio Cruz Mart\u00ednez, Lcdo. Jos\u00e9 Miguel Molina Vides.<\/h3>\n<p>[\/et_pb_text][\/et_pb_column][\/et_pb_row][\/et_pb_section]<\/p>\n","protected":false},"excerpt":{"rendered":"<p>Consejo DocenteCONSEJO DOCENTE 2024 Sentadas de izquierda a derecha: Maestra Sandra Evelyn Vividor de Escobar, Maestra Sonia Beatriz Hern\u00e1ndez de Mor\u00e1n, Dra. Claribel del Carmen Calder\u00f3n, Maestra Gloria Elizabeth Barrientos de Calder\u00f3n, Maestra A\u00edda Ang\u00e9lica Ram\u00edrez de Ortiz. De pie de izquierda a derecha: Maestro Jos\u00e9 Plutarco Mej\u00eda Valiente, Maestra Marlene Vega de Amaya, Maestro [&hellip;]<\/p>\n","protected":false},"author":1,"featured_media":0,"parent":0,"menu_order":0,"comment_status":"closed","ping_status":"closed","template":"","meta":{"_et_pb_use_builder":"on","_et_pb_old_content":"","_et_gb_content_width":"","footnotes":""},"class_list":["post-205","page","type-page","status-publish","hentry"],"_links":{"self":[{"href":"https:\/\/umasantaana.edu.sv\/index.php?rest_route=\/wp\/v2\/pages\/205","targetHints":{"allow":["GET"]}}],"collection":[{"href":"https:\/\/umasantaana.edu.sv\/index.php?rest_route=\/wp\/v2\/pages"}],"about":[{"href":"https:\/\/umasantaana.edu.sv\/index.php?rest_route=\/wp\/v2\/types\/page"}],"author":[{"embeddable":true,"href":"https:\/\/umasantaana.edu.sv\/index.php?rest_route=\/wp\/v2\/users\/1"}],"replies":[{"embeddable":true,"href":"https:\/\/umasantaana.edu.sv\/index.php?rest_route=%2Fwp%2Fv2%2Fcomments&post=205"}],"version-history":[{"count":4,"href":"https:\/\/umasantaana.edu.sv\/index.php?rest_route=\/wp\/v2\/pages\/205\/revisions"}],"predecessor-version":[{"id":1700,"href":"https:\/\/umasantaana.edu.sv\/index.php?rest_route=\/wp\/v2\/pages\/205\/revisions\/1700"}],"wp:attachment":[{"href":"https:\/\/umasantaana.edu.sv\/index.php?rest_route=%2Fwp%2Fv2%2Fmedia&parent=205"}],"curies":[{"name":"wp","href":"https:\/\/api.w.org\/{rel}","templated":true}]}}